{"id":503,"date":"2025-04-20T04:48:24","date_gmt":"2025-04-20T04:48:24","guid":{"rendered":"http:\/\/elordamedia.test\/?page_id=503"},"modified":"2025-04-20T05:28:27","modified_gmt":"2025-04-20T05:28:27","slug":"about-us","status":"publish","type":"page","link":"https:\/\/elordamedia.kz\/tr\/about-us\/","title":{"rendered":"About Us"},"content":{"rendered":"<p><b><span style=\"font-family: Times New Roman, serif;\"><span style=\"font-size: large;\"><span lang=\"en-US\">Hakk\u0131m\u0131zda<\/span><\/span><\/span><\/b><\/p>\n<p>&nbsp;<\/p>\n<p><span style=\"font-family: Times New Roman, serif;\"><span style=\"font-size: large;\"><span lang=\"en-US\"><b>Elordamedia.kz,<\/b><\/span><\/span><\/span><span style=\"font-family: Times New Roman, serif;\"><span style=\"font-size: large;\"><span lang=\"en-US\"> Elorda Media Group ileti\u015fim ajans\u0131na ba\u011fl\u0131 bir bilgilendirme ve e\u011fitim portal\u0131d\u0131r. Her g\u00fcn \u00fclkede ya\u015fanan g\u00fcncel haberleri, ekonomi, bilim, sanayi ve turizm alanlar\u0131ndaki bilgileri yay\u0131nl\u0131yoruz. Ayr\u0131ca portal\u0131m\u0131z\u0131n bir di\u011fer temel \u00e7al\u0131\u015fma alan\u0131, \u00fclkenin geli\u015fiminde \u00f6nc\u00fc olan sanayi kurulu\u015flar\u0131 ve self-made bireyler hakk\u0131nda bilgilendirici ve analitik i\u00e7erikler \u00fcretmektir.<\/span><\/span><\/span><\/p>\n<p>&nbsp;<\/p>\n<p>&nbsp;<\/p>\n<p><span style=\"font-family: Times New Roman, serif;\"><span style=\"font-size: large;\"><span lang=\"en-US\"><b>Genel Yay\u0131n Y\u00f6netmeni:<\/b><\/span><\/span><\/span><span style=\"font-family: Times New Roman, serif;\"><span style=\"font-size: large;\"><span lang=\"en-US\"> Azhar Yerbolgan<\/span><\/span><\/span><\/p>\n<p><span style=\"font-family: Times New Roman, serif;\"><span style=\"font-size: large;\"><span lang=\"en-US\"><b>\u00d6neri ve sorular i\u00e7in WhatsApp numaras\u0131:<\/b><\/span><\/span><\/span><span style=\"font-family: Times New Roman, serif;\"><span style=\"font-size: large;\"><span lang=\"en-US\"> +7 705 350 55 15<\/span><\/span><\/span><\/p>\n<p><span style=\"font-family: Times New Roman, serif;\"><span style=\"font-size: large;\"><span lang=\"en-US\"><b>Adres: <\/b><\/span><\/span><\/span><span style=\"font-family: Times New Roman, serif;\"><span style=\"font-size: large;\"><span lang=\"en-US\">Astana \u015fehri, Amanzholov soka\u011f\u0131, 28\/2<\/span><\/span><\/span><\/p>\n<p><span style=\"font-family: Times New Roman, serif;\"><span style=\"font-size: large;\"><span lang=\"en-US\"><b>E-posta:<\/b><\/span><\/span><\/span><span style=\"font-family: Times New Roman, serif;\"><span style=\"font-size: large;\"><span lang=\"en-US\"> elordamedia.kz@gmail.com<\/span><\/span><\/span><\/p>\n","protected":false},"excerpt":{"rendered":"<p>Hakk\u0131m\u0131zda &nbsp; Elordamedia.kz, Elorda Media Group ileti\u015fim ajans\u0131na ba\u011fl\u0131 bir bilgilendirme ve e\u011fitim portal\u0131d\u0131r. Her g\u00fcn \u00fclkede ya\u015fanan g\u00fcncel haberleri, [&hellip;]<\/p>\n","protected":false},"author":1,"featured_media":0,"parent":0,"menu_order":0,"comment_status":"closed","ping_status":"closed","template":"","meta":{"_acf_changed":false,"_locale":"tr_TR","_original_post":"http:\/\/elordamedia.test\/?page_id=499","footnotes":""},"class_list":["post-503","page","type-page","status-publish","hentry","tr-TR"],"acf":[],"_links":{"self":[{"href":"https:\/\/elordamedia.kz\/wp-json\/wp\/v2\/pages\/503","targetHints":{"allow":["GET"]}}],"collection":[{"href":"https:\/\/elordamedia.kz\/wp-json\/wp\/v2\/pages"}],"about":[{"href":"https:\/\/elordamedia.kz\/wp-json\/wp\/v2\/types\/page"}],"author":[{"embeddable":true,"href":"https:\/\/elordamedia.kz\/wp-json\/wp\/v2\/users\/1"}],"replies":[{"embeddable":true,"href":"https:\/\/elordamedia.kz\/wp-json\/wp\/v2\/comments?post=503"}],"version-history":[{"count":3,"href":"https:\/\/elordamedia.kz\/wp-json\/wp\/v2\/pages\/503\/revisions"}],"predecessor-version":[{"id":514,"href":"https:\/\/elordamedia.kz\/wp-json\/wp\/v2\/pages\/503\/revisions\/514"}],"wp:attachment":[{"href":"https:\/\/elordamedia.kz\/wp-json\/wp\/v2\/media?parent=503"}],"curies":[{"name":"wp","href":"https:\/\/api.w.org\/{rel}","templated":true}]}}